{"id":52,"date":"2021-02-08T12:19:18","date_gmt":"2021-02-08T11:19:18","guid":{"rendered":"https:\/\/praxiszenz.de\/?page_id=52"},"modified":"2021-02-08T12:19:18","modified_gmt":"2021-02-08T11:19:18","slug":"gesundheit","status":"publish","type":"page","link":"https:\/\/praxiszenz.de\/index.php\/gesundheit\/","title":{"rendered":"Gesundheit"},"content":{"rendered":"\n<p><strong>Gesundheit<\/strong><\/p>\n\n\n\n<p>\u201e<strong>Gesundheit ist ein Zustand von Unbeschwertheit und Harmonie<\/strong>. In diesem Zustand befindet&nbsp;<br>sich&nbsp;der K\u00f6rper mit all seinen Organen und deren Funktionen in einer rhythmischen und koordinierten \u00dcbereinstimmung mit Geist und Seele. Es herrscht Ruhe, Friede und Freude, und das Individuum&nbsp;<br>ist in der Lage, normal zu denken, normal zu essen und normal zu verdauen;&nbsp; Bewegung und&nbsp;<br>Alltag werden ohne Stress und Schmerz bew\u00e4ltigt. Diesen koordinierten Fluss von Seele zu Geist&nbsp;<br>und K\u00f6rper kennen wir als Gesundheit.\u201c&nbsp;<br>Zitat aus \u201eDie Reise einer Krankheit\u201c von Mohinder Singh Jus zum Thema Gesundheit.<\/p>\n\n\n\n<p>Um diesen Zustand lang anhaltend herzustellen, muss man alle Bereiche von K\u00f6rper, Geist und&nbsp;<br>Seele als Ganzheit verstehen und behandeln. Einzelne Symptome an einzelnen Orten zu bek\u00e4mpfen&nbsp;<br>kann auf Dauer nicht zum Erfolg f\u00fchren.<\/p>\n\n\n\n<p><strong>Was ist K\u00f6rper Geist und Seele?<\/strong><\/p>\n\n\n\n<p>K\u00f6rper ist am leichtesten zu verstehen, da wir unseren K\u00f6rper sehen und anfassen k\u00f6nnen.&nbsp;<br>Der Geist ist sozusagen unser Verstand. Hierzu z\u00e4hlen Konzentrationsverm\u00f6gen, Merkf\u00e4higkeit,&nbsp;<br>strukturiertes Denken, Auffassungsgabe und alles andere,&nbsp;was mit dem Verstand zu tun hat.&nbsp;<br>Die Seele ist der Bereich unserer Emotionen. Hier geht es um alle emotionalen Empfindungen,&nbsp;<br>wie Freude, Trauer, Lebenslust, Liebe, Verzweiflung, Wut, und so weiter.<\/p>\n\n\n\n<p><strong>Warum geh\u00f6ren diese Bereiche unzertrennlich zusammen?&nbsp;<\/strong><\/p>\n\n\n\n<p>Nat\u00fcrlich weil sie alle zu einem Individuum dazugeh\u00f6ren und somit auch f\u00fcr dessen Wohlbefinden und Gesundheit sorgen.<br>Allerdings haben mache Bereiche, im Verlauf einer ganzheitlichen Heilung, verschiedene Priorit\u00e4ten.&nbsp;<br>Was nutzen einem ein klarer und leistungsf\u00e4higer Verstand und ein gesunder K\u00f6rper, wenn Lebenslust&nbsp;<br>und Freude fehlen? Die Seele muss zu erst gesunden, denn sonst ist der Rest fast nutzlos.&nbsp;<br>Dann braucht man einen klaren Verstand, der seine Kapazit\u00e4ten voll nutzen kann. Denn wem&nbsp;<br>nutzt ein herrlich gesunder K\u00f6rper etwas, wenn sein Verstand nicht die Leistung erbringt, die er k\u00f6nnte?&nbsp;<br>Erst zuletzt kommt der K\u00f6rper an Reihe, da er nur dann von echtem nutzen sein kann, wenn die beiden anderen&nbsp;Bereiche gesund sind.&nbsp;<\/p>\n\n\n\n<p>Allerdings zeigen sich viele Symptome am K\u00f6rper, wenn die beiden anderen Bereiche Probleme haben.&nbsp;<br>Er dient, vereinfacht dargestellt, als Signalgeber. Das bedeutet auch, dass k\u00f6rperliche Symptome verschwinden k\u00f6nnen, wenn Geist und Seele gesund werden. Die Heilung verl\u00e4uft also von Innen nach Au\u00dfen. So heilen auch lebenswichtige Organe f\u00fcher und schneller ab, als weniger lebenswichtige Organe.&nbsp;<br>Das ist ebenfalls eine<strong>&nbsp;Heilung von Innen nach Au\u00dfen oder anders formuliert von wichtig zu unwichtiger<\/strong>.<br>Auch wenn es sich oft so anf\u00fchlt,&nbsp;als ob die k\u00f6rperlichen Symptome der Grund f\u00fcr alles Unbehagen sind,&nbsp;<br>ist es nur in wenigen F\u00e4llen der Anfang einer Leidengeschichte, egal ob lang oder kurz, gewesen.&nbsp;<br>(Siehe weiter unter \u201e<a href=\"http:\/\/www.praxiszenz.de\/index.php?Menu=Krankheit\">Krankheit<\/a>\u201c)<\/p>\n","protected":false},"excerpt":{"rendered":"<p>Gesundheit \u201eGesundheit ist ein Zustand von Unbeschwertheit und Harmonie. In diesem Zustand befindet&nbsp;sich&nbsp;der K\u00f6rper mit all seinen Organen und deren Funktionen in einer rhythmischen und koordinierten \u00dcbereinstimmung mit Geist und Seele. Es herrscht Ruhe, Friede und Freude, und das Individuum&nbsp;ist &hellip; <a href=\"https:\/\/praxiszenz.de\/index.php\/gesundheit\/\">Weiterlesen <span class=\"meta-nav\">&rarr;<\/span><\/a><\/p>\n","protected":false},"author":1,"featured_media":0,"parent":0,"menu_order":0,"comment_status":"closed","ping_status":"closed","template":"","meta":{"footnotes":""},"_links":{"self":[{"href":"https:\/\/praxiszenz.de\/index.php\/wp-json\/wp\/v2\/pages\/52"}],"collection":[{"href":"https:\/\/praxiszenz.de\/index.php\/wp-json\/wp\/v2\/pages"}],"about":[{"href":"https:\/\/praxiszenz.de\/index.php\/wp-json\/wp\/v2\/types\/page"}],"author":[{"embeddable":true,"href":"https:\/\/praxiszenz.de\/index.php\/wp-json\/wp\/v2\/users\/1"}],"replies":[{"embeddable":true,"href":"https:\/\/praxiszenz.de\/index.php\/wp-json\/wp\/v2\/comments?post=52"}],"version-history":[{"count":1,"href":"https:\/\/praxiszenz.de\/index.php\/wp-json\/wp\/v2\/pages\/52\/revisions"}],"predecessor-version":[{"id":53,"href":"https:\/\/praxiszenz.de\/index.php\/wp-json\/wp\/v2\/pages\/52\/revisions\/53"}],"wp:attachment":[{"href":"https:\/\/praxiszenz.de\/index.php\/wp-json\/wp\/v2\/media?parent=52"}],"curies":[{"name":"wp","href":"https:\/\/api.w.org\/{rel}","templated":true}]}}