{"id":50,"date":"2021-02-08T12:18:59","date_gmt":"2021-02-08T11:18:59","guid":{"rendered":"https:\/\/praxiszenz.de\/?page_id=50"},"modified":"2021-02-08T12:18:59","modified_gmt":"2021-02-08T11:18:59","slug":"krankheit","status":"publish","type":"page","link":"https:\/\/praxiszenz.de\/index.php\/krankheit\/","title":{"rendered":"Krankheit"},"content":{"rendered":"\n<p>Krankheit<br>Die ersten Symptome sind schon zu sp\u00fcren bevor eine Erkrankung mit Untersuchungen diagnostizierbar<br>ist. (Ausnahmen: Unfall) Jeder kennt das Gef\u00fchl von \u201eKrankwerden\u201c, Ersch\u00f6pfung, &#8222;irgendetwas<br>stimmt nicht mit mir&#8220;, Konzentrationsmangel oder Stimmungs-Ver\u00e4nderungen bevor man einen Infekt bekommt oder sich andere Beschwerden melden. So hat fast jede Krankheit zuvor Anzeichen auf einer<br>nicht messbaren aber sp\u00fcrbaren Ebene.<br><strong>Bei jeder Erkrankung ist immer der ganze Mensch betroffen<\/strong>. Jeder hat schon gemerkt,<br>wie sich z.B. bei einer einfachen Erk\u00e4ltung die Konzentration und Denkf\u00e4higkeit oder wie sich die<br>Gem\u00fctslage und Stimmung ver\u00e4ndert.<br>Alle Beschwerden haben irgendwann einmal begonnen und stehen mit einem Ausl\u00f6ser in Verbindung.<br>Dies kann etwas einfaches sein, wie Unterk\u00fchlung, unbek\u00f6mmliches Essen oder Schlafmangel. Aber<br>auch Streit, Verlust einer geliebten Person, zu viel Verantwortung, Entt\u00e4uschung, Pr\u00fcfungen und vieles<br>mehr k\u00f6nnen Ausl\u00f6ser von Erkrankungen und Symptomen sein.<\/p>\n\n\n\n<p>Diese Zusammenh\u00e4nge und Symptome die nicht unmittelbar zu der Diagnose geh\u00f6ren&nbsp;werden bei einer hom\u00f6opathischen Behandlung stets mit beachtet.<\/p>\n\n\n\n<p><br>Beispiel<\/p>\n\n\n\n<p>Eine Frau mittleren Alters leidet unter Migr\u00e4ne. Typische Symptome dieses chronischen Leidens sind&nbsp;<br>starke Kopfschmerzen, Licht- und L\u00e4rmempfindlichkeit, \u00dcbelkeit, Sehst\u00f6rungen und einige weitere.&nbsp;<br>Nun hat diese Person noch individuelle Symptome, welche f\u00fcr die hom\u00f6opathische Behandlung ebenfalls wichtig sind. Sie hat diese Migr\u00e4ne seit dem sie von ihrem Partner verlassen wurde. Die Schmerzen empfindet sie, als ein Gef\u00fchl von tausend kleinen H\u00e4mmerchen in ihrem Kopf. Sie beschreibt sich&nbsp;<br>allgemein als zur\u00fcckhaltend und scheu, aber hilfsbereit und verantwortlich. Oft hat sie das Gef\u00fchl von anderen nicht verstanden zu werden, was dazu f\u00fchrt, dass sie ihre Sorgen nie mitteilt und lieber alleine&nbsp;<br>zu Hause im Stillen weint. Allerdings verschlimmert sich durch Weinen ihre Verfassung und sie leidet dann noch mehr. Am liebsten isst sie salzige Dinge und ihr Durst ist meist sehr gro\u00df.<br>Sie sehen, das Vieles an dieser Beschreibung nichts mehr mit Migr\u00e4ne zu tun hat, aber mit der Frau,<br>die an ihr leidet, sehr wohl. Hier wird deutlich, dass vornehmlich Probleme auf der seelischen Ebene<br>und nicht nur die Migr\u00e4ne sie st\u00f6ren. Alle Eigenheiten und Symptome einer Person sind wichtig, um sie zu verstehen und dann das passende hom\u00f6opathische Mittel finden zu k\u00f6nnen. In diesem Beispiel muss erst die Trennung verarbeitet und abgeschlossen werden. Hierf\u00fcr ist ein besseres Selbstbewusstsein und die F\u00e4higkeit Menschen zu vertrauen von N\u00f6ten, bevor die Migr\u00e4ne verschwinden kann.<br>Wie schon unter&nbsp;<a href=\"http:\/\/www.praxiszenz.de\/index.php?Menu=Gesundheit\"><em>Gesundheit<\/em><\/a>&nbsp;beschrieben, verl\u00e4uft die Heilung nach bestimmen Priorit\u00e4ten. &nbsp;<\/p>\n\n\n\n<p><br><strong>Heilung<\/strong><\/p>\n\n\n\n<p><strong>Eine richtige, dauerhafte Heilung tritt nur dann ein, wenn der Grund einer Erkrankung&nbsp;<br>behoben wird und nicht nur Symptome.<\/strong><br>Wie beschrieben beginnt eine Krankheit immer auf einer nicht messbaren, aber f\u00fchlbaren, Ebene.<br>Auf genau dieser Ebene sollte dann auch die Heilung beginnen. Daf\u00fcr muss man logischer weise den<br>Ausl\u00f6ser\/Grund einer Krankheit erkennen, verstehen und beheben.<br>Ziel einer hom\u00f6opathischen Behandlung ist es den Zustand vor einer Erkrankung wieder herzustellen.<br>Weiter noch, der Mensch soll gest\u00e4rkt werden, um ein erneutes erkranken zu verhindern.<br>Die hom\u00f6opathischen Arzneien unterst\u00fctzen die Selbstheilungskraft auf der nicht messbaren Ebene, um genau dort mit der Heilung zu beginnen.<\/p>\n\n\n\n<p>Symptome sind Zeichen, die uns zeigen, dass wir geschw\u00e4cht sind.&nbsp;<br>Bei dem Verst\u00e4ndnis, dass wir nicht Krank werden, weil Erreger uns Angreifen, sondern das unser<br>K\u00f6rper uns auf unsere Probleme aufmerksam macht, ist es unn\u00f6tig sich vor Krankheiten zu f\u00fcrchten.<br>Viel mehr kann man lernen die eigenen Symptome zu verstehen und so begreifen warum man krank<br>wird und wie man das \u00e4ndern kann.<\/p>\n","protected":false},"excerpt":{"rendered":"<p>KrankheitDie ersten Symptome sind schon zu sp\u00fcren bevor eine Erkrankung mit Untersuchungen diagnostizierbarist. (Ausnahmen: Unfall) Jeder kennt das Gef\u00fchl von \u201eKrankwerden\u201c, Ersch\u00f6pfung, &#8222;irgendetwasstimmt nicht mit mir&#8220;, Konzentrationsmangel oder Stimmungs-Ver\u00e4nderungen bevor man einen Infekt bekommt oder sich andere Beschwerden melden. So &hellip; <a href=\"https:\/\/praxiszenz.de\/index.php\/krankheit\/\">Weiterlesen <span class=\"meta-nav\">&rarr;<\/span><\/a><\/p>\n","protected":false},"author":1,"featured_media":0,"parent":0,"menu_order":0,"comment_status":"closed","ping_status":"closed","template":"","meta":{"footnotes":""},"_links":{"self":[{"href":"https:\/\/praxiszenz.de\/index.php\/wp-json\/wp\/v2\/pages\/50"}],"collection":[{"href":"https:\/\/praxiszenz.de\/index.php\/wp-json\/wp\/v2\/pages"}],"about":[{"href":"https:\/\/praxiszenz.de\/index.php\/wp-json\/wp\/v2\/types\/page"}],"author":[{"embeddable":true,"href":"https:\/\/praxiszenz.de\/index.php\/wp-json\/wp\/v2\/users\/1"}],"replies":[{"embeddable":true,"href":"https:\/\/praxiszenz.de\/index.php\/wp-json\/wp\/v2\/comments?post=50"}],"version-history":[{"count":1,"href":"https:\/\/praxiszenz.de\/index.php\/wp-json\/wp\/v2\/pages\/50\/revisions"}],"predecessor-version":[{"id":51,"href":"https:\/\/praxiszenz.de\/index.php\/wp-json\/wp\/v2\/pages\/50\/revisions\/51"}],"wp:attachment":[{"href":"https:\/\/praxiszenz.de\/index.php\/wp-json\/wp\/v2\/media?parent=50"}],"curies":[{"name":"wp","href":"https:\/\/api.w.org\/{rel}","templated":true}]}}