{"id":48,"date":"2021-02-08T12:18:38","date_gmt":"2021-02-08T11:18:38","guid":{"rendered":"https:\/\/praxiszenz.de\/?page_id=48"},"modified":"2021-02-08T12:18:38","modified_gmt":"2021-02-08T11:18:38","slug":"ausbildung","status":"publish","type":"page","link":"https:\/\/praxiszenz.de\/index.php\/ausbildung\/","title":{"rendered":"Ausbildung"},"content":{"rendered":"\n<p><strong>Das besondere an der Ausbildung:<\/strong><\/p>\n\n\n\n<p>Bei einem Studium der klassischen Hom\u00f6opathie an der SHI Hom\u00f6opathie Schule handelt es&nbsp;<br>sich um ein&nbsp;<strong>Vollzeit Diplomstudium mit Anerkennung in der Schweiz<\/strong>&nbsp;auf Fachhochschul-Niveau.&nbsp;<br>Wie der Name schon sagt, ist&nbsp;es ein reines Studium der klassischen Hom\u00f6opathie, was jedoch nicht bedeutet, dass der&nbsp;schulmedizinische Aspekt au\u00dfer Acht gelassen wird. Etwa die H\u00e4lfte des gesamten Stundenplans ist&nbsp;f\u00fcr medizinische F\u00e4cher vorgesehen.<br><br>Es werden,\u00e4hnlich wie in einem regul\u00e4ren Medizinstudium, Anatomie, Physiologie und&nbsp;Pathologie&nbsp;<br>unterrichtet. Dies gew\u00e4hrleistet, dass die Therapeuten in ihrer Praxis medizinisch relevante Symptome&nbsp;und Erkrankungen erkennen und damit umzugehen wissen, oder im gegebenen Fall auch R\u00fccksprache mit behandelnden \u00c4rzten f\u00fchren k\u00f6nnen.<br><br>Zum regul\u00e4ren Ausbildungsplan geh\u00f6ren neben mehr als 1400 Stunden Praktikum im&nbsp;schulmedizinischen&nbsp;<br>und hom\u00f6opathischen Bereich auch eine Diplomarbeit von ca. 300 Seiten und eine&nbsp;zwei St\u00fcndige m\u00fcndliche Abschlusspr\u00fcfung mit einer kompletten Anamnese und k\u00f6rperlichen Untersuchung eines Patienten.<\/p>\n\n\n\n<p><strong>Fortbildung:<\/strong><\/p>\n\n\n\n<p>Weiterbildungen im Selbststudium und durch Seminare, auch \u00fcber das Thema Hom\u00f6opathie hinaus,&nbsp;<br>sind f\u00fcr mich, als Therapeutin, selbstverst\u00e4ndlich.<\/p>\n\n\n\n<p><br><strong>Was bedeutet hfnh?<\/strong><\/p>\n\n\n\n<p>Diese Abk\u00fcrzung steht f\u00fcr&nbsp;<a href=\"http:\/\/hfnh.ch\/\">&#8222;h\u00f6here fachschule f\u00fcr naturheilverfahren und hom\u00f6opathie&#8220;<\/a>. Die hfnh steht&nbsp;<br>f\u00fcr&nbsp;eine praxisorientierte und qualitativ hochwertige Ausbildung in Naturheilverfahren und Hom\u00f6opathie mit staatlicher\/kantonaler Anerkennung. Es werden neue Ausbildungswege mit klaren Standards entwickelt und etabliert die letztlich dem Patienten die Sicherheit bieten, dass er eine kompetente Therapie erh\u00e4lt.<\/p>\n","protected":false},"excerpt":{"rendered":"<p>Das besondere an der Ausbildung: Bei einem Studium der klassischen Hom\u00f6opathie an der SHI Hom\u00f6opathie Schule handelt es&nbsp;sich um ein&nbsp;Vollzeit Diplomstudium mit Anerkennung in der Schweiz&nbsp;auf Fachhochschul-Niveau.&nbsp;Wie der Name schon sagt, ist&nbsp;es ein reines Studium der klassischen Hom\u00f6opathie, was jedoch &hellip; <a href=\"https:\/\/praxiszenz.de\/index.php\/ausbildung\/\">Weiterlesen <span class=\"meta-nav\">&rarr;<\/span><\/a><\/p>\n","protected":false},"author":1,"featured_media":0,"parent":0,"menu_order":0,"comment_status":"closed","ping_status":"closed","template":"","meta":{"footnotes":""},"_links":{"self":[{"href":"https:\/\/praxiszenz.de\/index.php\/wp-json\/wp\/v2\/pages\/48"}],"collection":[{"href":"https:\/\/praxiszenz.de\/index.php\/wp-json\/wp\/v2\/pages"}],"about":[{"href":"https:\/\/praxiszenz.de\/index.php\/wp-json\/wp\/v2\/types\/page"}],"author":[{"embeddable":true,"href":"https:\/\/praxiszenz.de\/index.php\/wp-json\/wp\/v2\/users\/1"}],"replies":[{"embeddable":true,"href":"https:\/\/praxiszenz.de\/index.php\/wp-json\/wp\/v2\/comments?post=48"}],"version-history":[{"count":1,"href":"https:\/\/praxiszenz.de\/index.php\/wp-json\/wp\/v2\/pages\/48\/revisions"}],"predecessor-version":[{"id":49,"href":"https:\/\/praxiszenz.de\/index.php\/wp-json\/wp\/v2\/pages\/48\/revisions\/49"}],"wp:attachment":[{"href":"https:\/\/praxiszenz.de\/index.php\/wp-json\/wp\/v2\/media?parent=48"}],"curies":[{"name":"wp","href":"https:\/\/api.w.org\/{rel}","templated":true}]}}