{"id":46,"date":"2021-02-08T12:18:10","date_gmt":"2021-02-08T11:18:10","guid":{"rendered":"https:\/\/praxiszenz.de\/?page_id=46"},"modified":"2021-02-08T12:18:10","modified_gmt":"2021-02-08T11:18:10","slug":"praxisangebot","status":"publish","type":"page","link":"https:\/\/praxiszenz.de\/index.php\/praxisangebot\/","title":{"rendered":"Praxisangebot"},"content":{"rendered":"\n<p><strong>Was ich ihnen als klassische Hom\u00f6opathin und Therapeutin anbiete:<\/strong><strong><br><\/strong><\/p>\n\n\n\n<ul><li>Eine fundierte Ausbildung in Schulmedizin und Untersuchungstechnik.&nbsp;<\/li><li>Ein, bis her einmalig in Deutschland vertretenes, Diplomstudium der klassischen Hom\u00f6opathie.<\/li><li>Zusammenarbeit mit ihren \u00c4rzten, so fern diese ebenfalls kooperativ sind, um bestm\u00f6gliche Therapieerfolge f\u00fcr sie zu erzielen.<\/li><li><strong>Notfallbetreuung<\/strong>&nbsp;sieben Tage\/ 24 Stunden die Woche f\u00fcr Patienten.&nbsp;Falls Sie mich nicht direkt erreichen rufe ich schnellstm\u00f6glich zur\u00fcck, da ich z.B. Gespr\u00e4che mit Patienten nicht unterbreche.&nbsp;<\/li><li>Kinder und Erwachsene sind gleicherma\u00dfen in der Praxis willkommen.<\/li><li>Sie ben\u00f6tigen beim ersten Termin nur ca. eine Stunde, bei Folgeterminen ist weniger Zeitaufwand n\u00f6tig. Nat\u00fcrlich steht mehr Zeit zur verf\u00fcgung wenn dies n\u00f6tig ist.&nbsp;<\/li><li>Ich bilde mich vielseitig fort.<\/li><li>Sie erhalten eine individuelle und weiterf\u00fchrende Beratung f\u00fcr alle Lebensbereiche.<\/li><li>Sie werden, ohne lange Wartezeiten, in einem ansprechenden Behandlungsraum Empfangen.&nbsp;<\/li><li>F\u00fcr junge Patienten gibt es eine Spiel- und Malecke, damit Langeweile erst gar nicht entsteht.<\/li><li>Falls sie noch weitere Ausk\u00fcnfte \u00fcber das Praxisangebot w\u00fcnschen, kontaktieren sie mich unverbindlich unter&nbsp;<strong>01577\/1586608<\/strong>&nbsp;oder&nbsp;<strong>Kontakt@PraxisZenz.de<\/strong><\/li><\/ul>\n","protected":false},"excerpt":{"rendered":"<p>Was ich ihnen als klassische Hom\u00f6opathin und Therapeutin anbiete: Eine fundierte Ausbildung in Schulmedizin und Untersuchungstechnik.&nbsp; Ein, bis her einmalig in Deutschland vertretenes, Diplomstudium der klassischen Hom\u00f6opathie. Zusammenarbeit mit ihren \u00c4rzten, so fern diese ebenfalls kooperativ sind, um bestm\u00f6gliche Therapieerfolge &hellip; <a href=\"https:\/\/praxiszenz.de\/index.php\/praxisangebot\/\">Weiterlesen <span class=\"meta-nav\">&rarr;<\/span><\/a><\/p>\n","protected":false},"author":1,"featured_media":0,"parent":0,"menu_order":0,"comment_status":"closed","ping_status":"closed","template":"","meta":{"footnotes":""},"_links":{"self":[{"href":"https:\/\/praxiszenz.de\/index.php\/wp-json\/wp\/v2\/pages\/46"}],"collection":[{"href":"https:\/\/praxiszenz.de\/index.php\/wp-json\/wp\/v2\/pages"}],"about":[{"href":"https:\/\/praxiszenz.de\/index.php\/wp-json\/wp\/v2\/types\/page"}],"author":[{"embeddable":true,"href":"https:\/\/praxiszenz.de\/index.php\/wp-json\/wp\/v2\/users\/1"}],"replies":[{"embeddable":true,"href":"https:\/\/praxiszenz.de\/index.php\/wp-json\/wp\/v2\/comments?post=46"}],"version-history":[{"count":1,"href":"https:\/\/praxiszenz.de\/index.php\/wp-json\/wp\/v2\/pages\/46\/revisions"}],"predecessor-version":[{"id":47,"href":"https:\/\/praxiszenz.de\/index.php\/wp-json\/wp\/v2\/pages\/46\/revisions\/47"}],"wp:attachment":[{"href":"https:\/\/praxiszenz.de\/index.php\/wp-json\/wp\/v2\/media?parent=46"}],"curies":[{"name":"wp","href":"https:\/\/api.w.org\/{rel}","templated":true}]}}