{"id":44,"date":"2021-02-08T12:17:45","date_gmt":"2021-02-08T11:17:45","guid":{"rendered":"https:\/\/praxiszenz.de\/?page_id=44"},"modified":"2021-02-08T12:17:45","modified_gmt":"2021-02-08T11:17:45","slug":"kontakt-und-anreise","status":"publish","type":"page","link":"https:\/\/praxiszenz.de\/index.php\/kontakt-und-anreise\/","title":{"rendered":"Kontakt und Anreise"},"content":{"rendered":"\n<p>Praxisadresse:\u00a0<br>An der Linde 1a<br>35274 Kirchhain<br><a href=\"https:\/\/goo.gl\/maps\/agPBGgUNXdWUKFFL8\">Google Maps<\/a><\/p>\n\n\n\n<p>Tel:&nbsp; 01577\/ 1586608<br>E-Mail:&nbsp;<a href=\"mailto:Kontakt@praxiszenz.de\">Kontakt@praxiszenz.de<\/a><\/p>\n\n\n\n<p>Telefonzeiten: Mo- Fr von 8:00 bis 18:00<br>Wenn sie bereits Patient sind, ist au\u00dferhalb der Sprechzeiten ein Notfalldienst unter der selben Telefonnummer f\u00fcr sie eingerichtet.&nbsp;<br>Da es mir nicht immer m\u00f6glich ist jeden Anruf sofort entgegen zu nehmen, nutzen sie bitte die Mailbox.&nbsp;<br>Sie werden so bald wie m\u00f6glich zur\u00fcck gerufen.<\/p>\n\n\n\n<p>Termine erfolgen nur nach Absprache, damit jedem Patienten die f\u00fcr ihn n\u00f6tige Zeit zugesichert werden kann.&nbsp;<\/p>\n","protected":false},"excerpt":{"rendered":"<p>Praxisadresse:\u00a0An der Linde 1a35274 KirchhainGoogle Maps Tel:&nbsp; 01577\/ 1586608E-Mail:&nbsp;Kontakt@praxiszenz.de Telefonzeiten: Mo- Fr von 8:00 bis 18:00Wenn sie bereits Patient sind, ist au\u00dferhalb der Sprechzeiten ein Notfalldienst unter der selben Telefonnummer f\u00fcr sie eingerichtet.&nbsp;Da es mir nicht immer m\u00f6glich ist jeden &hellip; <a href=\"https:\/\/praxiszenz.de\/index.php\/kontakt-und-anreise\/\">Weiterlesen <span class=\"meta-nav\">&rarr;<\/span><\/a><\/p>\n","protected":false},"author":1,"featured_media":0,"parent":0,"menu_order":0,"comment_status":"closed","ping_status":"closed","template":"","meta":{"footnotes":""},"_links":{"self":[{"href":"https:\/\/praxiszenz.de\/index.php\/wp-json\/wp\/v2\/pages\/44"}],"collection":[{"href":"https:\/\/praxiszenz.de\/index.php\/wp-json\/wp\/v2\/pages"}],"about":[{"href":"https:\/\/praxiszenz.de\/index.php\/wp-json\/wp\/v2\/types\/page"}],"author":[{"embeddable":true,"href":"https:\/\/praxiszenz.de\/index.php\/wp-json\/wp\/v2\/users\/1"}],"replies":[{"embeddable":true,"href":"https:\/\/praxiszenz.de\/index.php\/wp-json\/wp\/v2\/comments?post=44"}],"version-history":[{"count":1,"href":"https:\/\/praxiszenz.de\/index.php\/wp-json\/wp\/v2\/pages\/44\/revisions"}],"predecessor-version":[{"id":45,"href":"https:\/\/praxiszenz.de\/index.php\/wp-json\/wp\/v2\/pages\/44\/revisions\/45"}],"wp:attachment":[{"href":"https:\/\/praxiszenz.de\/index.php\/wp-json\/wp\/v2\/media?parent=44"}],"curies":[{"name":"wp","href":"https:\/\/api.w.org\/{rel}","templated":true}]}}